{"id":1088,"date":"2023-09-15T03:00:40","date_gmt":"2023-09-15T03:00:40","guid":{"rendered":"https:\/\/biasaigonmiendong.vn\/wp\/?post_type=product&#038;p=1088"},"modified":"2023-09-16T02:57:33","modified_gmt":"2023-09-16T02:57:33","slug":"bia-saigon-export-premium-2","status":"publish","type":"product","link":"https:\/\/biasaigonmiendong.vn\/?product=bia-saigon-export-premium-2","title":{"rendered":"Bia Saigon Export Premium"},"content":{"rendered":"<p><strong>\u201cBia Saigon Export Premium\u00a0\u2013<\/strong><\/p>\n<p><strong>Ch\u1ea5t bia \u00eam \u0111\u1eb1m v\u00e0 s\u1ea3ng kho\u00e1i\u201d<\/strong><\/p>\n<p>Bia m\u1edbi, \u0111\u01b0\u1ee3c n\u1ea5u t\u1eeb nguy\u00eau li\u1ec7u t\u1ef1 nhi\u00ean v\u00e0 d\u00f9ng c\u00f4ng ngh\u1ec7 l\u00ean men ch\u1eadm, th\u1eddi gian \u1ee7 d\u00e0i mang \u0111\u1ebfn h\u01b0\u01a1ng v\u1ecb tuy\u1ec7t h\u1ea3o.<\/p>\n<div style=\"width: 1020px;\" class=\"wp-video\"><video class=\"wp-video-shortcode\" id=\"video-1088-1\" width=\"1020\" height=\"574\" preload=\"metadata\" controls=\"controls\"><source type=\"video\/mp4\" src=\"http:\/\/biasaigonmiendong.vn\/wp-content\/uploads\/2023\/09\/BiaSaigonExportPremium.mp4?_=1\" \/><a href=\"http:\/\/biasaigonmiendong.vn\/wp-content\/uploads\/2023\/09\/BiaSaigonExportPremium.mp4\">http:\/\/biasaigonmiendong.vn\/wp-content\/uploads\/2023\/09\/BiaSaigonExportPremium.mp4<\/a><\/video><\/div>\n","protected":false},"excerpt":{"rendered":"<p><strong>Ch\u1ee7ng lo\u1ea1i s\u1ea3n ph\u1ea9m:<\/strong>\u00a0Bia Lager.<\/p>\n<p><strong>Th\u00e0nh ph\u1ea7n:<\/strong>\u00a0N\u01b0\u1edbc, \u0111\u1ea1i m\u1ea1ch, ng\u0169 c\u1ed1c, hoa bia, h\u01b0\u01a1ng tr\u00e1i c\u00e2y t\u1ef1 nhi\u00ean.<\/p>\n<p><strong>Bao b\u00ec:<\/strong><\/p>\n<ul>\n<li>\u0110\u00f3ng trong lon nh\u00f4m, 24 lon\/th\u00f9ng carton.<\/li>\n<li>\u0110\u00f3ng trong chai th\u1ee7y tinh m\u00e0u n\u00e2u, 24 chai\/k\u00e9t nh\u1ef1a.<\/li>\n<\/ul>\n<p><strong>H\u01b0\u1edbng d\u1eabn s\u1eed d\u1ee5ng:\u00a0<\/strong>Ngon h\u01a1n khi u\u1ed1ng l\u1ea1nh, t\u1ed1t nh\u1ea5t \u1edf 10 \u2013 15 \u0111\u1ed9 C.<\/p>\n<p><strong>H\u01b0\u1edbng d\u1eabn b\u1ea3o qu\u1ea3n:<\/strong><\/p>\n<ul>\n<li>B\u1ea3o qu\u1ea3n n\u01a1i kh\u00f4 r\u00e1o v\u00e0 tho\u00e1ng m\u00e1t.<\/li>\n<li>Tr\u00e1nh ti\u1ebfp x\u00fac tr\u1ef1c ti\u1ebfp v\u1edbi ngu\u1ed3n n\u00f3ng ho\u1eb7c \u00e1nh s\u00e1ng m\u1eb7t tr\u1eddi.<\/li>\n<\/ul>\n<p><strong>Th\u1ecb tr\u01b0\u1eddng:\u00a0<\/strong>Bia Saigon Export Premium \u0111\u01b0\u1ee3c s\u1ea3n xu\u1ea5t v\u00e0 ph\u00e2n ph\u1ed1i r\u1ed9ng r\u00e3i tr\u00ean c\u1ea3 n\u01b0\u1edbc.<\/p>\n","protected":false},"featured_media":1290,"template":"","meta":[],"product_cat":[131,126],"product_tag":[],"class_list":{"0":"post-1088","1":"product","2":"type-product","3":"status-publish","4":"has-post-thumbnail","6":"product_cat-san-pham","7":"product_cat-bia-saigon-export-premium","9":"first","10":"instock","11":"shipping-taxable","12":"product-type-simple"},"yoast_head":"<!-- This site is optimized with the Yoast SEO plugin v15.8 - https:\/\/yoast.com\/wordpress\/plugins\/seo\/ -->\n<title>Bia Saigon Export Premium - biasaigonmiendong.vn<\/title>\n<meta name=\"robots\" content=\"index, follow, max-snippet:-1, max-image-preview:large, max-video-preview:-1\" \/>\n<link rel=\"canonical\" href=\"https:\/\/biasaigonmiendong.vn\/?product=bia-saigon-export-premium-2\" \/>\n<meta property=\"og:locale\" content=\"vi_VN\" \/>\n<meta property=\"og:type\" content=\"article\" \/>\n<meta property=\"og:title\" content=\"Bia Saigon Export Premium - biasaigonmiendong.vn\" \/>\n<meta property=\"og:description\" content=\"Ch\u1ee7ng lo\u1ea1i s\u1ea3n ph\u1ea9m:\u00a0Bia Lager.  Th\u00e0nh ph\u1ea7n:\u00a0N\u01b0\u1edbc, \u0111\u1ea1i m\u1ea1ch, ng\u0169 c\u1ed1c, hoa bia, h\u01b0\u01a1ng tr\u00e1i c\u00e2y t\u1ef1 nhi\u00ean.  Bao b\u00ec:   \u0110\u00f3ng trong lon nh\u00f4m, 24 lon\/th\u00f9ng carton.  \u0110\u00f3ng trong chai th\u1ee7y tinh m\u00e0u n\u00e2u, 24 chai\/k\u00e9t nh\u1ef1a.  H\u01b0\u1edbng d\u1eabn s\u1eed d\u1ee5ng:\u00a0Ngon h\u01a1n khi u\u1ed1ng l\u1ea1nh, t\u1ed1t nh\u1ea5t \u1edf 10 \u2013 15 \u0111\u1ed9 C.  H\u01b0\u1edbng d\u1eabn b\u1ea3o qu\u1ea3n:   B\u1ea3o qu\u1ea3n n\u01a1i kh\u00f4 r\u00e1o v\u00e0 tho\u00e1ng m\u00e1t.  Tr\u00e1nh ti\u1ebfp x\u00fac tr\u1ef1c ti\u1ebfp v\u1edbi ngu\u1ed3n n\u00f3ng ho\u1eb7c \u00e1nh s\u00e1ng m\u1eb7t tr\u1eddi.  Th\u1ecb tr\u01b0\u1eddng:\u00a0Bia Saigon Export Premium \u0111\u01b0\u1ee3c s\u1ea3n xu\u1ea5t v\u00e0 ph\u00e2n ph\u1ed1i r\u1ed9ng r\u00e3i tr\u00ean c\u1ea3 n\u01b0\u1edbc.\" \/>\n<meta property=\"og:url\" content=\"https:\/\/biasaigonmiendong.vn\/?product=bia-saigon-export-premium-2\" \/>\n<meta property=\"og:site_name\" content=\"biasaigonmiendong.vn\" \/>\n<meta property=\"article:modified_time\" content=\"2023-09-16T02:57:33+00:00\" \/>\n<meta property=\"og:image\" content=\"https:\/\/biasaigonmiendong.vn\/wp-content\/uploads\/2023\/09\/img_export_thumnail-1.png\" \/>\n\t<meta property=\"og:image:width\" content=\"200\" \/>\n\t<meta property=\"og:image:height\" content=\"200\" \/>\n<meta name=\"twitter:card\" content=\"summary_large_image\" \/>\n<meta name=\"twitter:label1\" content=\"Est. reading time\">\n\t<meta name=\"twitter:data1\" content=\"1 ph\u00fat\">\n<script type=\"application\/ld+json\" class=\"yoast-schema-graph\">{\"@context\":\"https:\/\/schema.org\",\"@graph\":[{\"@type\":\"WebSite\",\"@id\":\"http:\/\/biasaigonmiendong.vn\/#website\",\"url\":\"http:\/\/biasaigonmiendong.vn\/\",\"name\":\"biasaigonmiendong.vn\",\"description\":\"\",\"potentialAction\":[{\"@type\":\"SearchAction\",\"target\":\"http:\/\/biasaigonmiendong.vn\/?s={search_term_string}\",\"query-input\":\"required name=search_term_string\"}],\"inLanguage\":\"vi\"},{\"@type\":\"ImageObject\",\"@id\":\"https:\/\/biasaigonmiendong.vn\/?product=bia-saigon-export-premium-2#primaryimage\",\"inLanguage\":\"vi\",\"url\":\"https:\/\/biasaigonmiendong.vn\/wp-content\/uploads\/2023\/09\/img_export_thumnail-1.png\",\"width\":200,\"height\":200},{\"@type\":\"WebPage\",\"@id\":\"https:\/\/biasaigonmiendong.vn\/?product=bia-saigon-export-premium-2#webpage\",\"url\":\"https:\/\/biasaigonmiendong.vn\/?product=bia-saigon-export-premium-2\",\"name\":\"Bia Saigon Export Premium - biasaigonmiendong.vn\",\"isPartOf\":{\"@id\":\"http:\/\/biasaigonmiendong.vn\/#website\"},\"primaryImageOfPage\":{\"@id\":\"https:\/\/biasaigonmiendong.vn\/?product=bia-saigon-export-premium-2#primaryimage\"},\"datePublished\":\"2023-09-15T03:00:40+00:00\",\"dateModified\":\"2023-09-16T02:57:33+00:00\",\"breadcrumb\":{\"@id\":\"https:\/\/biasaigonmiendong.vn\/?product=bia-saigon-export-premium-2#breadcrumb\"},\"inLanguage\":\"vi\",\"potentialAction\":[{\"@type\":\"ReadAction\",\"target\":[\"https:\/\/biasaigonmiendong.vn\/?product=bia-saigon-export-premium-2\"]}]},{\"@type\":\"BreadcrumbList\",\"@id\":\"https:\/\/biasaigonmiendong.vn\/?product=bia-saigon-export-premium-2#breadcrumb\",\"itemListElement\":[{\"@type\":\"ListItem\",\"position\":1,\"item\":{\"@type\":\"WebPage\",\"@id\":\"http:\/\/biasaigonmiendong.vn\/\",\"url\":\"http:\/\/biasaigonmiendong.vn\/\",\"name\":\"Trang ch\\u1ee7\"}},{\"@type\":\"ListItem\",\"position\":2,\"item\":{\"@type\":\"WebPage\",\"@id\":\"https:\/\/biasaigonmiendong.vn\/?page_id=10\",\"url\":\"https:\/\/biasaigonmiendong.vn\/?page_id=10\",\"name\":\"Shop\"}},{\"@type\":\"ListItem\",\"position\":3,\"item\":{\"@type\":\"WebPage\",\"@id\":\"https:\/\/biasaigonmiendong.vn\/?product=bia-saigon-export-premium-2\",\"url\":\"https:\/\/biasaigonmiendong.vn\/?product=bia-saigon-export-premium-2\",\"name\":\"Bia Saigon Export Premium\"}}]}]}<\/script>\n<!-- \/ Yoast SEO plugin. -->","_links":{"self":[{"href":"https:\/\/biasaigonmiendong.vn\/index.php?rest_route=\/wp\/v2\/product\/1088","targetHints":{"allow":["GET"]}}],"collection":[{"href":"https:\/\/biasaigonmiendong.vn\/index.php?rest_route=\/wp\/v2\/product"}],"about":[{"href":"https:\/\/biasaigonmiendong.vn\/index.php?rest_route=\/wp\/v2\/types\/product"}],"wp:featuredmedia":[{"embeddable":true,"href":"https:\/\/biasaigonmiendong.vn\/index.php?rest_route=\/wp\/v2\/media\/1290"}],"wp:attachment":[{"href":"https:\/\/biasaigonmiendong.vn\/index.php?rest_route=%2Fwp%2Fv2%2Fmedia&parent=1088"}],"wp:term":[{"taxonomy":"product_cat","embeddable":true,"href":"https:\/\/biasaigonmiendong.vn\/index.php?rest_route=%2Fwp%2Fv2%2Fproduct_cat&post=1088"},{"taxonomy":"product_tag","embeddable":true,"href":"https:\/\/biasaigonmiendong.vn\/index.php?rest_route=%2Fwp%2Fv2%2Fproduct_tag&post=1088"}],"curies":[{"name":"wp","href":"https:\/\/api.w.org\/{rel}","templated":true}]}}