{"id":1041,"date":"2023-09-13T09:40:52","date_gmt":"2023-09-13T09:40:52","guid":{"rendered":"https:\/\/biasaigonmiendong.vn\/wp\/?post_type=product&#038;p=1041"},"modified":"2023-09-16T03:25:13","modified_gmt":"2023-09-16T03:25:13","slug":"bia-saigon-chill","status":"publish","type":"product","link":"https:\/\/biasaigonmiendong.vn\/?product=bia-saigon-chill","title":{"rendered":"Bia Saigon Chill"},"content":{"rendered":"<p>\u201cC\u00f4ng th\u1ee9c l\u00ean men l\u1ea1nh \u00e2m 2 \u0111\u1ed9 C\u201d<\/p>\n<p>Th\u1eadt \u0111\u00e1ng ti\u1ebfc khi nh\u1eefng cu\u1ed9c vui t\u1edbi b\u1ebfn b\u00ean nh\u1eefng ng\u01b0\u1eddi anh em b\u1ecb gi\u00e1n \u0111o\u1ea1n b\u1edfi nh\u1eefng lo l\u1eafng b\u00ean ngo\u00e0i, tay th\u00ec b\u1eadn r\u1ed9n nh\u1eafn tin c\u00f2n ch\u00e2n th\u00ec kh\u00f4ng th\u1ec3 \u0111\u1ee9ng y\u00ean v\u00ec nh\u1eefng cu\u1ed9c g\u1ecdi.<br \/>\nGi\u1edbi thi\u1ec7u Bia Saigon Chill \u0111\u01b0\u1ee3c l\u00ean men l\u1ea1nh \u1edf \u00e2m 2 \u0111\u1ed9 C, nhi\u1ec7t \u0111\u1ed9 c\u1ef1c th\u1ea5p \u0111\u1ec3 gi\u1eef v\u1ecb bia lu\u00f4n t\u01b0\u01a1i m\u1edbi. C\u1ea3m gi\u00e1c s\u1ea3ng kho\u00e1i v\u00e0 h\u1eadu v\u1ecb m\u00e1t l\u1ea1nh c\u1ee7a Bia Saigon Chill s\u1ebd \u0111\u00e1nh th\u1ee9c m\u1ecdi gi\u00e1c quan c\u1ee7a b\u1ea1n, \u0111\u1ec3 t\u1eebng ng\u1ee5m bia \u0111\u1ec1u mang \u0111\u1ebfn s\u1ef1 s\u1ea3ng kho\u00e1i t\u1ee9c th\u00ec, mang tr\u1ecdn v\u1eb9n con ng\u01b0\u1eddi b\u1ea1n v\u1ec1 t\u1eadn h\u01b0\u1edfng cu\u1ed9c vui.<\/p>\n<p>Gi\u1edd \u0111\u00e2y b\u1ea1n c\u00f3 th\u1ec3 g\u1ee1 b\u1ecf nh\u1eefng \u00e1p l\u1ef1c v\u00e0 s\u1eb5n s\u00e0ng t\u1eadn h\u01b0\u1edfng cu\u1ed9c vui c\u00f9ng anh em b\u1ea1n b\u00e8 m\u1ed9t c\u00e1ch tr\u1ecdn v\u1eb9n v\u1edbi Bia Saigon Chill \u2013 S\u1ea3ng kho\u00e1i t\u1ed9t \u0111\u1ec9nh, vui t\u1ed9t \u0111\u1ec9nh.<\/p>\n","protected":false},"excerpt":{"rendered":"<p>Ch\u1ee7ng lo\u1ea1i s\u1ea3n ph\u1ea9m: Bia Lager<\/p>\n<p>Th\u00e0nh ph\u1ea7n: N\u01b0\u1edbc, Malt \u0111\u1ea1i m\u1ea1ch, Ng\u0169 c\u1ed1c, Hoa bia.<\/p>\n<p>Bao b\u00ec: \u0111\u00f3ng trong lon nh\u00f4m, 24 lon\/ th\u00f9ng carton ho\u1eb7c \u0111\u00f3ng trong chai th\u1ee7y tinh, 24 chai\/ k\u00e9t.<\/p>\n<p>H\u01b0\u1edbng d\u1eabn s\u1eed d\u1ee5ng: Ngon h\u01a1n khi u\u1ed1ng l\u1ea1nh, t\u1ed1t nh\u1ea5t \u1edf 10 \u2013 15 \u0111\u1ed9 C.<\/p>\n<p>H\u01b0\u1edbng d\u1eabn b\u1ea3o qu\u1ea3n:<\/p>\n<p>B\u1ea3o qu\u1ea3n n\u01a1i kh\u00f4 r\u00e1o v\u00e0 tho\u00e1ng m\u00e1t.<br \/>\nTr\u00e1nh ti\u1ebfp x\u00fac tr\u1ef1c ti\u1ebfp v\u1edbi ngu\u1ed3n n\u00f3ng ho\u1eb7c \u00e1nh s\u00e1ng m\u1eb7t tr\u1eddi.<br \/>\nTh\u1ecb tr\u01b0\u1eddng: Bia Saigon Chill ph\u00e2n b\u1ed1 r\u1ed9ng r\u00e3i tr\u00ean kh\u1eafp c\u1ea3 n\u01b0\u1edbc.<\/p>\n","protected":false},"featured_media":1304,"template":"","meta":[],"product_cat":[131,121],"product_tag":[],"class_list":{"0":"post-1041","1":"product","2":"type-product","3":"status-publish","4":"has-post-thumbnail","6":"product_cat-san-pham","7":"product_cat-bia-saigon-chill","9":"first","10":"instock","11":"shipping-taxable","12":"product-type-simple"},"yoast_head":"<!-- This site is optimized with the Yoast SEO plugin v15.8 - https:\/\/yoast.com\/wordpress\/plugins\/seo\/ -->\n<title>Bia Saigon Chill - biasaigonmiendong.vn<\/title>\n<meta name=\"robots\" content=\"index, follow, max-snippet:-1, max-image-preview:large, max-video-preview:-1\" \/>\n<link rel=\"canonical\" href=\"https:\/\/biasaigonmiendong.vn\/?product=bia-saigon-chill\" \/>\n<meta property=\"og:locale\" content=\"vi_VN\" \/>\n<meta property=\"og:type\" content=\"article\" \/>\n<meta property=\"og:title\" content=\"Bia Saigon Chill - biasaigonmiendong.vn\" \/>\n<meta property=\"og:description\" content=\"Ch\u1ee7ng lo\u1ea1i s\u1ea3n ph\u1ea9m: Bia Lager  Th\u00e0nh ph\u1ea7n: N\u01b0\u1edbc, Malt \u0111\u1ea1i m\u1ea1ch, Ng\u0169 c\u1ed1c, Hoa bia.  Bao b\u00ec: \u0111\u00f3ng trong lon nh\u00f4m, 24 lon\/ th\u00f9ng carton ho\u1eb7c \u0111\u00f3ng trong chai th\u1ee7y tinh, 24 chai\/ k\u00e9t.  H\u01b0\u1edbng d\u1eabn s\u1eed d\u1ee5ng: Ngon h\u01a1n khi u\u1ed1ng l\u1ea1nh, t\u1ed1t nh\u1ea5t \u1edf 10 \u2013 15 \u0111\u1ed9 C.  H\u01b0\u1edbng d\u1eabn b\u1ea3o qu\u1ea3n:  B\u1ea3o qu\u1ea3n n\u01a1i kh\u00f4 r\u00e1o v\u00e0 tho\u00e1ng m\u00e1t. Tr\u00e1nh ti\u1ebfp x\u00fac tr\u1ef1c ti\u1ebfp v\u1edbi ngu\u1ed3n n\u00f3ng ho\u1eb7c \u00e1nh s\u00e1ng m\u1eb7t tr\u1eddi. Th\u1ecb tr\u01b0\u1eddng: Bia Saigon Chill ph\u00e2n b\u1ed1 r\u1ed9ng r\u00e3i tr\u00ean kh\u1eafp c\u1ea3 n\u01b0\u1edbc.\" \/>\n<meta property=\"og:url\" content=\"https:\/\/biasaigonmiendong.vn\/?product=bia-saigon-chill\" \/>\n<meta property=\"og:site_name\" content=\"biasaigonmiendong.vn\" \/>\n<meta property=\"article:modified_time\" content=\"2023-09-16T03:25:13+00:00\" \/>\n<meta property=\"og:image\" content=\"https:\/\/biasaigonmiendong.vn\/wp-content\/uploads\/2023\/09\/img_chill_thumnail1.png\" \/>\n\t<meta property=\"og:image:width\" content=\"200\" \/>\n\t<meta property=\"og:image:height\" content=\"200\" \/>\n<meta name=\"twitter:card\" content=\"summary_large_image\" \/>\n<meta name=\"twitter:label1\" content=\"Est. reading time\">\n\t<meta name=\"twitter:data1\" content=\"1 ph\u00fat\">\n<script type=\"application\/ld+json\" class=\"yoast-schema-graph\">{\"@context\":\"https:\/\/schema.org\",\"@graph\":[{\"@type\":\"WebSite\",\"@id\":\"https:\/\/biasaigonmiendong.vn\/#website\",\"url\":\"https:\/\/biasaigonmiendong.vn\/\",\"name\":\"biasaigonmiendong.vn\",\"description\":\"\",\"potentialAction\":[{\"@type\":\"SearchAction\",\"target\":\"https:\/\/biasaigonmiendong.vn\/?s={search_term_string}\",\"query-input\":\"required name=search_term_string\"}],\"inLanguage\":\"vi\"},{\"@type\":\"ImageObject\",\"@id\":\"https:\/\/biasaigonmiendong.vn\/?product=bia-saigon-chill#primaryimage\",\"inLanguage\":\"vi\",\"url\":\"https:\/\/biasaigonmiendong.vn\/wp-content\/uploads\/2023\/09\/img_chill_thumnail1.png\",\"width\":200,\"height\":200},{\"@type\":\"WebPage\",\"@id\":\"https:\/\/biasaigonmiendong.vn\/?product=bia-saigon-chill#webpage\",\"url\":\"https:\/\/biasaigonmiendong.vn\/?product=bia-saigon-chill\",\"name\":\"Bia Saigon Chill - biasaigonmiendong.vn\",\"isPartOf\":{\"@id\":\"https:\/\/biasaigonmiendong.vn\/#website\"},\"primaryImageOfPage\":{\"@id\":\"https:\/\/biasaigonmiendong.vn\/?product=bia-saigon-chill#primaryimage\"},\"datePublished\":\"2023-09-13T09:40:52+00:00\",\"dateModified\":\"2023-09-16T03:25:13+00:00\",\"breadcrumb\":{\"@id\":\"https:\/\/biasaigonmiendong.vn\/?product=bia-saigon-chill#breadcrumb\"},\"inLanguage\":\"vi\",\"potentialAction\":[{\"@type\":\"ReadAction\",\"target\":[\"https:\/\/biasaigonmiendong.vn\/?product=bia-saigon-chill\"]}]},{\"@type\":\"BreadcrumbList\",\"@id\":\"https:\/\/biasaigonmiendong.vn\/?product=bia-saigon-chill#breadcrumb\",\"itemListElement\":[{\"@type\":\"ListItem\",\"position\":1,\"item\":{\"@type\":\"WebPage\",\"@id\":\"https:\/\/biasaigonmiendong.vn\/\",\"url\":\"https:\/\/biasaigonmiendong.vn\/\",\"name\":\"Trang ch\\u1ee7\"}},{\"@type\":\"ListItem\",\"position\":2,\"item\":{\"@type\":\"WebPage\",\"@id\":\"https:\/\/biasaigonmiendong.vn\/?page_id=10\",\"url\":\"https:\/\/biasaigonmiendong.vn\/?page_id=10\",\"name\":\"Shop\"}},{\"@type\":\"ListItem\",\"position\":3,\"item\":{\"@type\":\"WebPage\",\"@id\":\"https:\/\/biasaigonmiendong.vn\/?product=bia-saigon-chill\",\"url\":\"https:\/\/biasaigonmiendong.vn\/?product=bia-saigon-chill\",\"name\":\"Bia Saigon Chill\"}}]}]}<\/script>\n<!-- \/ Yoast SEO plugin. -->","_links":{"self":[{"href":"https:\/\/biasaigonmiendong.vn\/index.php?rest_route=\/wp\/v2\/product\/1041","targetHints":{"allow":["GET"]}}],"collection":[{"href":"https:\/\/biasaigonmiendong.vn\/index.php?rest_route=\/wp\/v2\/product"}],"about":[{"href":"https:\/\/biasaigonmiendong.vn\/index.php?rest_route=\/wp\/v2\/types\/product"}],"wp:featuredmedia":[{"embeddable":true,"href":"https:\/\/biasaigonmiendong.vn\/index.php?rest_route=\/wp\/v2\/media\/1304"}],"wp:attachment":[{"href":"https:\/\/biasaigonmiendong.vn\/index.php?rest_route=%2Fwp%2Fv2%2Fmedia&parent=1041"}],"wp:term":[{"taxonomy":"product_cat","embeddable":true,"href":"https:\/\/biasaigonmiendong.vn\/index.php?rest_route=%2Fwp%2Fv2%2Fproduct_cat&post=1041"},{"taxonomy":"product_tag","embeddable":true,"href":"https:\/\/biasaigonmiendong.vn\/index.php?rest_route=%2Fwp%2Fv2%2Fproduct_tag&post=1041"}],"curies":[{"name":"wp","href":"https:\/\/api.w.org\/{rel}","templated":true}]}}