{"id":376,"date":"2021-02-20T02:47:11","date_gmt":"2021-02-20T02:47:11","guid":{"rendered":"http:\/\/duhocsenvang.thietkewebvinhphuc.vn\/?page_id=376"},"modified":"2025-07-09T03:56:06","modified_gmt":"2025-07-09T03:56:06","slug":"lien-he","status":"publish","type":"page","link":"https:\/\/biasaigonmiendong.vn\/?page_id=376","title":{"rendered":"Li\u00ean h\u1ec7"},"content":{"rendered":"<h2>Th\u00f4ng tin li\u00ean h\u1ec7<\/h2>\n<div class=\"row\"  id=\"row-1990758677\">\n<div class=\"col medium-5 small-12 large-5\"  ><div class=\"col-inner\"  >\n\n<div class=\"wpcf7 no-js\" id=\"wpcf7-f8-o1\" lang=\"vi\" dir=\"ltr\">\n<div class=\"screen-reader-response\"><p role=\"status\" aria-live=\"polite\" aria-atomic=\"true\"><\/p> <ul><\/ul><\/div>\n<form action=\"\/index.php?rest_route=%2Fwp%2Fv2%2Fpages%2F376#wpcf7-f8-o1\" method=\"post\" class=\"wpcf7-form init\" aria-label=\"Form li\u00ean h\u1ec7\" novalidate=\"novalidate\" data-status=\"init\">\n<div style=\"display: none;\">\n<input type=\"hidden\" name=\"_wpcf7\" value=\"8\" \/>\n<input type=\"hidden\" name=\"_wpcf7_version\" value=\"5.8\" \/>\n<input type=\"hidden\" name=\"_wpcf7_locale\" value=\"vi\" \/>\n<input type=\"hidden\" name=\"_wpcf7_unit_tag\" value=\"wpcf7-f8-o1\" \/>\n<input type=\"hidden\" name=\"_wpcf7_container_post\" value=\"0\" \/>\n<input type=\"hidden\" name=\"_wpcf7_posted_data_hash\" value=\"\" \/>\n<\/div>\n<p><label> H\u1ecd v\u00e0 t\u00ean<br \/>\n<span class=\"wpcf7-form-control-wrap\" data-name=\"your-name\"><input size=\"40\" class=\"wpcf7-form-control wpcf7-text wpcf7-validates-as-required\" aria-required=\"true\" aria-invalid=\"false\" value=\"\" type=\"text\" name=\"your-name\" \/><\/span> <\/label>\n<\/p>\n<p><label> Email<br \/>\n<span class=\"wpcf7-form-control-wrap\" data-name=\"your-email\"><input size=\"40\" class=\"wpcf7-form-control wpcf7-email wpcf7-validates-as-required wpcf7-text wpcf7-validates-as-email\" aria-required=\"true\" aria-invalid=\"false\" value=\"\" type=\"email\" name=\"your-email\" \/><\/span> <\/label>\n<\/p>\n<p><label> Ti\u00eau \u0111\u1ec1<br \/>\n<span class=\"wpcf7-form-control-wrap\" data-name=\"your-subject\"><input size=\"40\" class=\"wpcf7-form-control wpcf7-text wpcf7-validates-as-required\" aria-required=\"true\" aria-invalid=\"false\" value=\"\" type=\"text\" name=\"your-subject\" \/><\/span> <\/label>\n<\/p>\n<p><label> N\u1ed9i dung (optional)<br \/>\n<span class=\"wpcf7-form-control-wrap\" data-name=\"your-message\"><textarea cols=\"40\" rows=\"10\" class=\"wpcf7-form-control wpcf7-textarea\" aria-invalid=\"false\" name=\"your-message\"><\/textarea><\/span> <\/label>\n<\/p>\n<p><input class=\"wpcf7-form-control wpcf7-submit has-spinner\" type=\"submit\" value=\"Submit\" \/>\n<\/p><div class=\"wpcf7-response-output\" aria-hidden=\"true\"><\/div>\n<\/form>\n<\/div>\n\n<\/div><\/div>\n<div class=\"col medium-7 small-12 large-7\"  ><div class=\"col-inner\"  >\n<h3><strong>C\u00d4NG TY CPTM BIA S\u00c0I G\u00d2N MI\u1ec0N \u0110\u00d4NG<\/strong><\/h3>\n<p><span class=\"text\"><strong>MST<\/strong>: <\/span><span class=\"text\">3700 696 229<\/span><\/p>\n<p><strong>\u0110i\u1ec7n tho\u1ea1i:<\/strong> 0274 3813509<\/p>\n<p><strong>\u0110\u1ecba ch\u1ec9:<\/strong> S\u1ed1 46\/19 \u0111\u01b0\u1eddng D1, Khu ph\u1ed1 B\u00ecnh Ph\u00fa, ph\u01b0\u1eddng Thu\u1eadn Giao, Tp. H\u1ed3 Ch\u00ed Minh.<\/p>\n<p>\u00a0<\/p>\n<\/div><\/div>\n<\/div>\n","protected":false},"excerpt":{"rendered":"<p>Th\u00f4ng tin li\u00ean h\u1ec7<\/p>\n","protected":false},"author":1,"featured_media":0,"parent":0,"menu_order":0,"comment_status":"closed","ping_status":"closed","template":"","meta":{"footnotes":""},"class_list":["post-376","page","type-page","status-publish","hentry"],"yoast_head":"<!-- This site is optimized with the Yoast SEO plugin v15.8 - https:\/\/yoast.com\/wordpress\/plugins\/seo\/ -->\n<title>Li\u00ean h\u1ec7 - biasaigonmiendong.vn<\/title>\n<meta name=\"robots\" content=\"index, follow, max-snippet:-1, max-image-preview:large, max-video-preview:-1\" \/>\n<link rel=\"canonical\" href=\"https:\/\/biasaigonmiendong.vn\/?page_id=376\" \/>\n<meta property=\"og:locale\" content=\"vi_VN\" \/>\n<meta property=\"og:type\" content=\"article\" \/>\n<meta property=\"og:title\" content=\"Li\u00ean h\u1ec7 - biasaigonmiendong.vn\" \/>\n<meta property=\"og:description\" content=\"Th\u00f4ng tin li\u00ean h\u1ec7\" \/>\n<meta property=\"og:url\" content=\"https:\/\/biasaigonmiendong.vn\/?page_id=376\" \/>\n<meta property=\"og:site_name\" content=\"biasaigonmiendong.vn\" \/>\n<meta property=\"article:modified_time\" content=\"2025-07-09T03:56:06+00:00\" \/>\n<meta name=\"twitter:card\" content=\"summary_large_image\" \/>\n<script type=\"application\/ld+json\" class=\"yoast-schema-graph\">{\"@context\":\"https:\/\/schema.org\",\"@graph\":[{\"@type\":\"WebSite\",\"@id\":\"http:\/\/biasaigonmiendong.vn\/#website\",\"url\":\"http:\/\/biasaigonmiendong.vn\/\",\"name\":\"biasaigonmiendong.vn\",\"description\":\"\",\"potentialAction\":[{\"@type\":\"SearchAction\",\"target\":\"http:\/\/biasaigonmiendong.vn\/?s={search_term_string}\",\"query-input\":\"required name=search_term_string\"}],\"inLanguage\":\"vi\"},{\"@type\":\"WebPage\",\"@id\":\"https:\/\/biasaigonmiendong.vn\/?page_id=376#webpage\",\"url\":\"https:\/\/biasaigonmiendong.vn\/?page_id=376\",\"name\":\"Li\\u00ean h\\u1ec7 - biasaigonmiendong.vn\",\"isPartOf\":{\"@id\":\"http:\/\/biasaigonmiendong.vn\/#website\"},\"datePublished\":\"2021-02-20T02:47:11+00:00\",\"dateModified\":\"2025-07-09T03:56:06+00:00\",\"breadcrumb\":{\"@id\":\"https:\/\/biasaigonmiendong.vn\/?page_id=376#breadcrumb\"},\"inLanguage\":\"vi\",\"potentialAction\":[{\"@type\":\"ReadAction\",\"target\":[\"https:\/\/biasaigonmiendong.vn\/?page_id=376\"]}]},{\"@type\":\"BreadcrumbList\",\"@id\":\"https:\/\/biasaigonmiendong.vn\/?page_id=376#breadcrumb\",\"itemListElement\":[{\"@type\":\"ListItem\",\"position\":1,\"item\":{\"@type\":\"WebPage\",\"@id\":\"http:\/\/biasaigonmiendong.vn\/\",\"url\":\"http:\/\/biasaigonmiendong.vn\/\",\"name\":\"Trang ch\\u1ee7\"}},{\"@type\":\"ListItem\",\"position\":2,\"item\":{\"@type\":\"WebPage\",\"@id\":\"https:\/\/biasaigonmiendong.vn\/?page_id=376\",\"url\":\"https:\/\/biasaigonmiendong.vn\/?page_id=376\",\"name\":\"Li\\u00ean h\\u1ec7\"}}]}]}<\/script>\n<!-- \/ Yoast SEO plugin. -->","_links":{"self":[{"href":"https:\/\/biasaigonmiendong.vn\/index.php?rest_route=\/wp\/v2\/pages\/376","targetHints":{"allow":["GET"]}}],"collection":[{"href":"https:\/\/biasaigonmiendong.vn\/index.php?rest_route=\/wp\/v2\/pages"}],"about":[{"href":"https:\/\/biasaigonmiendong.vn\/index.php?rest_route=\/wp\/v2\/types\/page"}],"author":[{"embeddable":true,"href":"https:\/\/biasaigonmiendong.vn\/index.php?rest_route=\/wp\/v2\/users\/1"}],"replies":[{"embeddable":true,"href":"https:\/\/biasaigonmiendong.vn\/index.php?rest_route=%2Fwp%2Fv2%2Fcomments&post=376"}],"version-history":[{"count":9,"href":"https:\/\/biasaigonmiendong.vn\/index.php?rest_route=\/wp\/v2\/pages\/376\/revisions"}],"predecessor-version":[{"id":1375,"href":"https:\/\/biasaigonmiendong.vn\/index.php?rest_route=\/wp\/v2\/pages\/376\/revisions\/1375"}],"wp:attachment":[{"href":"https:\/\/biasaigonmiendong.vn\/index.php?rest_route=%2Fwp%2Fv2%2Fmedia&parent=376"}],"curies":[{"name":"wp","href":"https:\/\/api.w.org\/{rel}","templated":true}]}}