{"id":374,"date":"2021-02-20T02:46:57","date_gmt":"2021-02-20T02:46:57","guid":{"rendered":"http:\/\/duhocsenvang.thietkewebvinhphuc.vn\/?page_id=374"},"modified":"2025-07-10T02:38:41","modified_gmt":"2025-07-10T02:38:41","slug":"gioi-thieu","status":"publish","type":"page","link":"https:\/\/biasaigonmiendong.vn\/?page_id=374","title":{"rendered":"V\u1ec1 ch\u00fang t\u00f4i"},"content":{"rendered":"<h1 class=\"h1\">GI\u01a0\u0301I THI\u00ca\u0323U C\u00d4NG TY CPTM BIA SA\u0300I GO\u0300N MI\u00ca\u0300N \u0110\u00d4NG<\/h1>\n<div class=\"article-ct\">\n<div class=\"row\">\n<div class=\"col-sm-12 img zoom-images\">\n<p>\u00a0<\/p>\n<p><img loading=\"lazy\" decoding=\"async\" class=\"alignnonewp-image-1248\" src=\"http:\/\/biasaigonmiendong.vn\/wp-content\/uploads\/2023\/09\/logo-350x100-2.png\" alt=\"\" width=\"311\" height=\"85\" \/>C\u00f4ng ty \u0111\u01b0\u1ee3c th\u00e0nh l\u1eadp tr\u00ean c\u01a1 s\u1edf chuy\u1ec3n \u0111\u1ed5i c\u00e1c chi nh\u00e1nh c\u1ee7a T\u1ed5ng C\u00f4ng ty C\u1ed5 ph\u1ea7n Bia R\u01b0\u1ee3u N\u01b0\u1edbc Gi\u1ea3i Kh\u00e1t S\u00e0i G\u00f2n t\u1ea1i 5 t\u1ec9nh Mi\u1ec1n \u0110\u00f4ng v\u00e0 ch\u00ednh th\u1ee9c \u0111i v\u00e0o ho\u1ea1t \u0111\u1ed9ng ng\u00e0y 15\/4\/2006 v\u1edbi V\u0103n ph\u00f2ng C\u00f4ng ty \u0111\u1eb7t t\u1ea1i B\u00ecnh D\u01b0\u01a1ng v\u00e0 4 chi nh\u00e1nh t\u1ea1i c\u00e1c t\u1ec9nh B\u00ecnh Ph\u01b0\u1edbc, T\u00e2y Ninh, \u0110\u1ed3ng Nai v\u00e0 B\u00e0 R\u1ecba V\u0169ng T\u00e0u. Ngo\u00e0i ra, C\u00f4ng ty c\u00f2n 04 kho Long Kh\u00e1nh, Long Th\u00e0nh, B\u00ecnh Long, Tr\u1ea3ng B\u00e0ng t\u1ea1i c\u00e1c t\u1ec9nh \u0110\u1ed3ng Nai, B\u00ecnh Ph\u01b0\u1edbc, B\u00e0 R\u1ecba V\u0169ng T\u00e0u, T\u00e2y Ninh v\u00e0 m\u1ea1ng l\u01b0\u1edbi c\u00e1c Nh\u00e0 ph\u00e2n ph\u1ed1i ph\u00e2n b\u1ed5 kh\u1eafp c\u00e1c t\u1ec9nh Mi\u1ec1n \u0110\u00f4ng Nam B\u1ed9.<\/p>\n<p>&#8211; T\u00ean C\u00f4ng ty:\u00a0<strong>C\u00d4NG TY C\u1ed4 PH\u1ea6N TH\u01af\u01a0NG M\u1ea0I BIA S\u00c0I G\u00d2N MI\u1ec0N \u0110\u00d4NG.<\/strong><\/p>\n<p><em>Tr\u1ee5 s\u1edf ch\u00ednh:<\/em>\u00a0<strong>S\u1ed1 46\/19 \u0111\u01b0\u1eddng D1, Khu ph\u1ed1 B\u00ecnh Ph\u00fa, ph\u01b0\u1eddng Thu\u1eadn Giao, TP. H\u1ed3 Ch\u00ed Minh<\/strong>.<\/p>\n<p><em>M\u00e3 s\u1ed1 thu\u1ebf:<\/em>\u00a0<strong>3700696229<\/strong>.<\/p>\n<p><em>\u0110i\u1ec7n tho\u1ea1i:<\/em><strong> (+84) 274 3813509<\/strong><\/p>\n<p><em>Website:<\/em>\u00a0<strong>http:\/\/biasaigonmiendong.vn<\/strong>\u00a0\u00a0\u00a0\u00a0\u00a0\u00a0\u00a0\u00a0\u00a0\u00a0\u00a0\u00a0\u00a0<em>Email:<\/em> <strong>sabecomiendong@miendong.sabeco.com.vn<\/strong><\/p>\n<p>\u00a0<\/p>\n<p>\u00a0\u00a0\u00a0\u00a0\u00a0\u00a0\u00a0\u00a0\u00a0 Ng\u00e0nh ngh\u1ec1 kinh doanh ch\u00ednh c\u1ee7a C\u00f4ng ty l\u00e0 b\u00e1n bu\u00f4n c\u00e1c s\u1ea3n ph\u1ea9m c\u1ee7a T\u1ed5ng C\u00f4ng ty C\u1ed5 ph\u1ea7n Bia R\u01b0\u1ee3u N\u01b0\u1edbc Gi\u1ea3i Kh\u00e1t S\u00e0i G\u00f2n tr\u00ean khu v\u1ef1c Mi\u1ec1n \u0110\u00f4ng Nam B\u1ed9, trong \u0111\u00f3 s\u1ea3n ph\u1ea9m ch\u00ednh v\u00e0 ch\u1ee7 l\u1ef1c c\u1ee7a C\u00f4ng ty l\u00e0 bia chai, lon: Bia Saigon Gold, Bia Saigon Chill, Bia Saigon Lager, Bia Saigon Special, Bia Saigon Export Premium,\u2026).<\/p>\n<p>\u00a0\u00a0\u00a0\u00a0\u00a0\u00a0\u00a0\u00a0\u00a0 D\u01b0\u1edbi s\u1ef1 l\u00e3nh \u0111\u1ea1o c\u1ee7a H\u1ed9i \u0111\u1ed3ng qu\u1ea3n tr\u1ecb, Gi\u00e1m \u0111\u1ed1c C\u00f4ng ty v\u00e0 \u0111\u01b0\u1ee3c s\u1ef1 tin t\u01b0\u1edfng v\u00e0 \u1ee7ng h\u1ed9 c\u1ee7a kh\u00e1ch h\u00e0ng, qua h\u01a1n chi\u0301n n\u0103m ho\u1ea1t \u0111\u1ed9ng C\u00f4ng ty t\u1eebng b\u01b0\u1edbc x\u00e2y d\u1ef1ng, \u1ed5n \u0111\u1ecbnh v\u00e0 ph\u00e1t tri\u1ec3n m\u1ed9t c\u00e1ch m\u1ea1nh m\u1ebd v\u1edbi quy m\u00f4 ng\u00e0y c\u00e0ng l\u1edbn m\u1ea1nh. K\u1ebft qu\u1ea3 s\u1ea3n l\u01b0\u1ee3ng ti\u00eau th\u1ee5, t\u1ed5ng doanh thu, l\u1ee3i nhu\u1eadn, n\u1ed9p ng\u00e2n s\u00e1ch nh\u00e0 n\u01b0\u1edbc, v.v\u2026 n\u0103m sau lu\u00f4n t\u0103ng cao h\u01a1n so v\u1edbi n\u0103m tr\u01b0\u1edbc; \u0111\u1ed9i ng\u0169 nh\u00e2n s\u1ef1 ng\u00e0y c\u00e0ng l\u1edbn m\u1ea1nh v\u1ec1 ch\u1ea5t l\u01b0\u1ee3ng c\u0169ng nh\u01b0 s\u1ed1 l\u01b0\u1ee3ng \u0111\u00e1p \u1ee9ng \u0111\u01b0\u1ee3c nhu c\u1ea7u ph\u00e1t tri\u1ec3n c\u1ee7a C\u00f4ng ty.<\/p>\n<p>\u00a0\u00a0\u00a0\u00a0\u00a0\u00a0\u00a0\u00a0\u00a0 V\u1edbi nh\u1eefng g\u00ec \u0111\u00e3 v\u00e0 \u0111ang l\u00e0m \u0111\u01b0\u1ee3c, cu\u0300ng nh\u1eefng n\u1ed7 l\u1ef1c kh\u00f4ng ng\u1eebng \u0111\u1ec3 kh\u1eb3ng \u0111\u1ecbnh m\u00ecnh, trong nhi\u1ec1u n\u0103m qua, C\u00f4ng ty CPTM Bia S\u00e0i G\u00f2n Mi\u1ec1n \u0110\u00f4ng \u0111\u00e3 vinh d\u1ef1 nh\u1eadn \u0111\u01b0\u1ee3c C\u01a1\u0300 thi \u0111ua, b\u0103\u0300ng khen cu\u0309a B\u00f4\u0323 C\u00f4ng th\u01b0\u01a1ng c\u00f9ng nhi\u1ec1u b\u1eb1ng khen cu\u0309a ca\u0301c b\u00f4\u0323, nga\u0300nh, \u0111\u1ecba ph\u01b0\u01a1ng v\u00e0 T\u1ed5ng C\u00f4ng ty C\u1ed5 ph\u1ea7n Bia R\u01b0\u1ee3u N\u01b0\u1edbc Gi\u1ea3i Kh\u00e1t S\u00e0i G\u00f2n. \u0110\u00e2y l\u00e0 \u0111\u1ed9ng l\u1ef1c m\u1ea1nh m\u1ebd \u0111\u1ec3 Bia S\u00e0i G\u00f2n Mi\u1ec1n \u0110\u00f4ng ti\u1ebfp t\u1ee5c h\u01b0\u1edbng t\u1edbi c\u00e1c m\u1ee5c ti\u00eau cao h\u01a1n trong th\u1eddi gian t\u1edbi.<\/p>\n<p>\u00a0\u00a0\u00a0\u00a0\u00a0\u00a0\u00a0\u00a0\u00a0 Song song v\u1edbi vi\u1ec7c kinh doanh s\u1ea3n ph\u1ea9m Bia S\u00e0i G\u00f2n, C\u00f4ng ty CPTM Bia S\u00e0i G\u00f2n Mi\u1ec1n \u0110\u00f4ng \u0111\u1eb7c bi\u1ec7t ch\u00fa tr\u1ecdng tham gia t\u00edch c\u1ef1c c\u00e1c ho\u1ea1t \u0111\u1ed9ng nh\u00e2n \u0111\u1ea1o v\u00e0 t\u1eeb thi\u1ec7n, c\u00f4ng t\u00e1c c\u1ed9ng \u0111\u1ed3ng, c\u00e1c ch\u01b0\u01a1ng tr\u00ecnh tri \u00e2n \u0111\u1ec1n \u01a1n \u0111\u00e1p ngh\u0129a c\u0169ng nh\u01b0 c\u00e1c ho\u1ea1t \u0111\u1ed9ng an sinh x\u00e3 h\u1ed9i kh\u00e1c. H\u00f2a c\u00f9ng th\u00f4ng \u0111i\u1ec7p ch\u1ee7 \u0111\u1ea1o c\u1ee7a T\u1ed5ng c\u00f4ng ty Bia Sa\u0300i Go\u0300n \u201cchung tay v\u00ec c\u1ed9ng \u0111\u1ed3ng\u201d, m\u00f4\u0303i n\u0103m C\u00f4ng ty \u0111\u1ec1u tri\u0301ch t\u01b0\u0300 ngu\u1ed3n qu\u1ef9 phu\u0301c l\u01a1\u0323i va\u0300 \u0111o\u0301ng go\u0301p cu\u0309a toa\u0300n th\u00ea\u0309 ca\u0301n b\u00f4\u0323 c\u00f4ng nh\u00e2n vi\u00ean 2 nga\u0300y l\u01b0\u01a1ng cho c\u00e1c ho\u1ea1t \u0111\u1ed9ng x\u00e3 h\u1ed9i, c\u1ed9ng \u0111\u1ed3ng nh\u01b0: Ph\u1ed1i h\u1ee3p v\u1edbi T\u1ed5ng c\u00f4ng ty th\u1ef1c hi\u1ec7n ch\u01b0\u01a1ng tr\u00ecnh x\u00e2y nh\u00e0 t\u00ecnh ngh\u0129a cho c\u00e1c gia \u0111\u00ecnh ch\u00ednh s\u00e1ch v\u00e0 \u1ee7ng h\u1ed9 ti\u1ec1n cho Qu\u1ef9 v\u00ec ng\u01b0\u1eddi ngh\u00e8o t\u1ea1i c\u00e1c t\u1ec9nh; \u1ee7ng h\u1ed9 \u0111\u1ed3ng b\u00e0o mi\u1ec1n Trung b\u1ecb l\u0169 l\u1ee5t; \u1ee7ng h\u1ed9 ng\u01b0 d\u00e2n Tr\u01b0\u1eddng Sa; t\u1eb7ng qu\u00e0 th\u0103m h\u1ecfi tr\u1ebb em khuy\u1ebft t\u1eadt, ng\u01b0\u1eddi gi\u00e0 neo \u0111\u01a1n, tr\u1ebb m\u1ed3 c\u00f4i t\u1ea1i nhi\u1ec1u t\u1ec9nh trong c\u1ea3 n\u01b0\u1edbc.<\/p>\n<p>\u00a0\u00a0\u00a0\u00a0\u00a0\u00a0\u00a0\u00a0\u00a0 \u0110\u1ec3 \u0111\u00e1p l\u1ea1i s\u1ef1 \u1ee7ng h\u1ed9 v\u00e0 tin y\u00eau c\u1ee7a kh\u00e1ch h\u00e0ng, C\u00f4ng ty CPTM Bia S\u00e0i G\u00f2n Mi\u1ec1n \u0110\u00f4ng cam k\u1ebft cung c\u1ea5p c\u00e1c s\u1ea3n ph\u1ea9m \u0111\u1ebfn tay ng\u01b0\u1eddi ti\u00eau d\u00f9ng m\u1ed9t c\u00e1ch t\u1ed1t nh\u1ea5t v\u00e0 \u0111\u1eb7t quy\u1ec1n l\u1ee3i ch\u00ednh \u0111\u00e1ng c\u1ee7a Ng\u01b0\u1eddi ti\u00eau d\u00f9ng l\u00ean h\u00e0ng \u0111\u1ea7u, \u0111\u00e2y l\u00e0 nhi\u1ec7m v\u1ee5 tr\u1ecdng t\u00e2m, l\u00e0 kim ch\u1ec9 nam v\u00e0 l\u00e0 ti\u00eau ch\u00ed ho\u1ea1t \u0111\u1ed9ng c\u1ee7a C\u00f4ng ty.<\/p>\n<p><strong>S\u01a1 \u0111\u1ed3 t\u1ed5 ch\u1ee9c cu\u0309a C\u00f4ng ty<\/strong>:<\/p>\n<p>1. Ban Gi\u00e1m \u0111\u1ed1c;<\/p>\n<p>\u00a0\u00a0\u00a0\u00a0\u00a0\u00a0\u00a0\u00a0\u00a0 &#8211; Gi\u00e1m \u0111\u1ed1c C\u00f4ng ty \u2013 \u00d4ng\u00a0<strong>Nguy\u1ec5n V\u0103n L\u1ed9c<\/strong>.<\/p>\n<p>\u00a0\u00a0\u00a0\u00a0\u00a0\u00a0\u00a0\u00a0\u00a0 &#8211; K\u00ea\u0301 toa\u0301n tr\u01b0\u01a1\u0309ng C\u00f4ng ty \u2013 \u00d4ng\u00a0<strong>Nguy\u00ea\u0303n T\u01b0\u0309 Th\u0103\u0301ng<\/strong>.<\/p>\n<p>2. Ph\u00f2ng K\u1ebf to\u00e1n &amp; T\u00e0i Ch\u00ednh;<\/p>\n<p>3. Ph\u00f2ng Ngu\u1ed3n L\u1ef1c Nh\u00e2n S\u1ef1 &amp; H\u00e0nh Ch\u00e1nh;<\/p>\n<p>\u00a0<\/p>\n<p><strong><u>4. C\u00e1c Chi nh\u00e1nh:<\/u><\/strong><\/p>\n<p><strong>4.1 V\u0103n pho\u0300ng C\u00f4ng ty CPTM Bia S\u00e0i G\u00f2n Mi\u1ec1n \u0110\u00f4ng:<\/strong><\/p>\n<p><em>\u00a0\u00a0\u00a0\u00a0 Tr\u1ee5 s\u1edf v\u0103n pho\u0300ng ta\u0323i:<\/em>\u00a0<strong>S\u1ed1 46\/19 \u0111\u01b0\u1eddng D1, Khu ph\u1ed1 B\u00ecnh Ph\u00fa, ph\u01b0\u1eddng Thu\u1eadn Giao, TP. H\u1ed3 Ch\u00ed Minh.<\/strong><\/p>\n<p><em>\u00a0\u00a0\u00a0\u00a0 M\u00e3 s\u1ed1 thu\u1ebf:<\/em>\u00a0<strong>3700696229<\/strong>.<\/p>\n<p><em>\u00a0\u00a0\u00a0\u00a0 \u0110i\u1ec7n tho\u1ea1i:<\/em><strong><em>\u00a0<\/em>(+84)274 3813509<\/strong>\u00a0 \u00a0<\/p>\n<p><strong>4.2 Chi nh\u00e1nh B\u00ecnh D\u01b0\u01a1ng 1, B\u00ecnh D\u01b0\u01a1ng 2:<\/strong><\/p>\n<p><em>\u00a0\u00a0\u00a0\u00a0 Tr\u1ee5 s\u1edf ta\u0323i:<\/em>\u00a0<strong>S\u1ed1 46\/19 \u0111\u01b0\u1eddng D1, Khu ph\u1ed1 B\u00ecnh Ph\u00fa, ph\u01b0\u1eddng Thu\u1eadn Giao, TP. H\u1ed3 Ch\u00ed Minh.<\/strong><\/p>\n<p><em>\u00a0 \u00a0 <\/em>Chi\u0323u tra\u0301ch nhi\u00ea\u0323m t\u00f4\u0309 ch\u01b0\u0301c ba\u0301n ha\u0300ng ta\u0323i ti\u0309nh Bi\u0300nh D\u01b0\u01a1ng.<\/p>\n<p><em>\u00a0<\/em><strong>4.3 Chi nh\u00e1nh C\u00f4ng ty CPTM Bia S\u00e0i G\u00f2n Mi\u1ec1n \u0110\u00f4ng t\u1ea1i \u0110\u1ed3ng Nai.<\/strong><\/p>\n<p><em>\u00a0\u00a0\u00a0\u00a0 \u0110\u1ecba ch\u1ec9:<\/em>\u00a0<strong>khu ph\u1ed1 8, ph\u01b0\u1eddng Long B\u00ecnh, t\u1ec9nh \u0110\u1ed3ng Nai<\/strong>.<\/p>\n<p><em>\u00a0\u00a0\u00a0\u00a0 \u0110i\u1ec7n tho\u1ea1i:<\/em>\u00a0<strong>0251 6559 938\u00a0\u00a0\u00a0\u00a0\u00a0\u00a0\u00a0<\/strong>\u00a0\u00a0\u00a0\u00a0\u00a0\u00a0\u00a0\u00a0\u00a0\u00a0<em>Fax:<\/em>\u00a0<strong>0251 3988 818<\/strong>.<\/p>\n<p><em>\u00a0\u00a0\u00a0\u00a0 Gia\u0301m \u0111\u00f4\u0301c Chi nh\u00e1nh:<\/em>\u00a0\u00d4ng\u00a0<strong>L\u00ea Duy H\u00f9ng<\/strong>.<\/p>\n<p><strong>4.4 Chi nh\u00e1nh C\u00f4ng ty CPTM Bia S\u00e0i G\u00f2n Mi\u1ec1n \u0110\u00f4ng t\u1ea1i B\u00e0 R\u1ecba V\u0169ng T\u00e0u;<\/strong><\/p>\n<p><em>\u00a0\u00a0\u00a0\u00a0 \u0110\u1ecba ch\u1ec9:<\/em> <strong>06 Phan \u0110\u00ecnh Ph\u00f9ng, Ph\u01b0\u1eddng V\u0169ng T\u00e0u, TP. H\u1ed3 Ch\u00ed Minh.<\/strong><\/p>\n<p><em>\u00a0\u00a0\u00a0\u00a0 \u0110i\u1ec7n tho\u1ea1i:<\/em>\u00a0<strong>(+84)254 3848 958<\/strong><\/p>\n<p><em>\u00a0\u00a0\u00a0\u00a0 Gia\u0301m \u0111\u00f4\u0301c Chi nh\u00e1nh:<\/em>\u00a0\u00d4ng\u00a0<strong>B\u00f9i Ho\u00e0ng Ph\u01b0\u1edbc<\/strong>.<\/p>\n<p><strong>4.5 Chi nh\u00e1nh C\u00f4ng ty CPTM Bia S\u00e0i G\u00f2n Mi\u1ec1n \u0110\u00f4ng t\u1ea1i B\u00ecnh Ph\u01b0\u1edbc;<\/strong><\/p>\n<p><em>\u00a0\u00a0\u00a0\u00a0 \u0110\u1ecba ch\u1ec9:<\/em> <strong>S\u1ed1 511, \u0111\u01b0\u1eddng Ph\u00fa Ri\u1ec1ng \u0110\u1ecf, \u1ea5p 1, Ph\u01b0\u1eddng B\u00ecnh Ph\u01b0\u1edbc, T\u1ec9nh \u0110\u1ed3ng Nai.<\/strong><\/p>\n<p><em>\u00a0\u00a0\u00a0\u00a0 \u0110i\u1ec7n tho\u1ea1i:<\/em>\u00a0<strong>(+84)271 3896 161<\/strong><\/p>\n<p><em>\u00a0\u00a0\u00a0\u00a0 Gia\u0301m \u0111\u00f4\u0301c Chi nh\u00e1nh<\/em>: \u00d4ng\u00a0<strong>\u0110inh V\u0103n N\u0103ng<\/strong>.<\/p>\n<p><strong>4.6 Chi nh\u00e1nh C\u00f4ng ty CPTM Bia S\u00e0i G\u00f2n Mi\u1ec1n \u0110\u00f4ng t\u1ea1i T\u00e2y Ninh;<\/strong><\/p>\n<p><em>\u00a0\u00a0\u00a0\u00a0 \u0110\u1ecba ch\u1ec9:<\/em>\u00a0<strong>2\/20 Qu\u1ed1c l\u1ed9 22B, khu ph\u1ed1 Long Trung, ph\u01b0\u1eddng H\u00f2a Th\u00e0nh, t\u1ec9nh T\u00e2y Ninh<\/strong>.<\/p>\n<p><em>\u00a0\u00a0\u00a0\u00a0 \u0110i\u1ec7n tho\u1ea1i:<\/em>\u00a0<strong>(+84)276 3837 868<\/strong><\/p>\n<p><em>\u00a0\u00a0\u00a0\u00a0 Gia\u0301m \u0111\u00f4\u0301c Chi nh\u00e1nh:<\/em> \u00d4ng <strong>\u0110inh Quang Th\u00e0nh<\/strong><\/p>\n<\/div>\n<\/div>\n<\/div>\n","protected":false},"excerpt":{"rendered":"<p>GI\u01a0\u0301I THI\u00ca\u0323U C\u00d4NG TY CPTM BIA SA\u0300I GO\u0300N MI\u00ca\u0300N \u0110\u00d4NG \u00a0 C\u00f4ng ty \u0111\u01b0\u1ee3c th\u00e0nh l\u1eadp tr\u00ean c\u01a1 s\u1edf chuy\u1ec3n \u0111\u1ed5i c\u00e1c chi nh\u00e1nh c\u1ee7a T\u1ed5ng C\u00f4ng ty C\u1ed5 ph\u1ea7n Bia R\u01b0\u1ee3u N\u01b0\u1edbc Gi\u1ea3i Kh\u00e1t S\u00e0i G\u00f2n t\u1ea1i 5 t\u1ec9nh Mi\u1ec1n \u0110\u00f4ng v\u00e0 ch\u00ednh th\u1ee9c \u0111i v\u00e0o ho\u1ea1t \u0111\u1ed9ng ng\u00e0y 15\/4\/2006 v\u1edbi V\u0103n ph\u00f2ng C\u00f4ng [&hellip;]\n","protected":false},"author":1,"featured_media":0,"parent":0,"menu_order":0,"comment_status":"closed","ping_status":"closed","template":"","meta":{"footnotes":""},"class_list":["post-374","page","type-page","status-publish","hentry"],"yoast_head":"<!-- This site is optimized with the Yoast SEO plugin v15.8 - https:\/\/yoast.com\/wordpress\/plugins\/seo\/ -->\n<title>V\u1ec1 ch\u00fang t\u00f4i - biasaigonmiendong.vn<\/title>\n<meta name=\"robots\" content=\"index, follow, max-snippet:-1, max-image-preview:large, max-video-preview:-1\" \/>\n<link rel=\"canonical\" href=\"http:\/\/biasaigonmiendong.vn\/?page_id=374\" \/>\n<meta property=\"og:locale\" content=\"vi_VN\" \/>\n<meta property=\"og:type\" content=\"article\" \/>\n<meta property=\"og:title\" content=\"V\u1ec1 ch\u00fang t\u00f4i - biasaigonmiendong.vn\" \/>\n<meta property=\"og:description\" content=\"GI\u01a0\u0301I THI\u00ca\u0323U C\u00d4NG TY CPTM BIA SA\u0300I GO\u0300N MI\u00ca\u0300N \u0110\u00d4NG \u00a0 C\u00f4ng ty \u0111\u01b0\u1ee3c th\u00e0nh l\u1eadp tr\u00ean c\u01a1 s\u1edf chuy\u1ec3n \u0111\u1ed5i c\u00e1c chi nh\u00e1nh c\u1ee7a T\u1ed5ng C\u00f4ng ty C\u1ed5 ph\u1ea7n Bia R\u01b0\u1ee3u N\u01b0\u1edbc Gi\u1ea3i Kh\u00e1t S\u00e0i G\u00f2n t\u1ea1i 5 t\u1ec9nh Mi\u1ec1n \u0110\u00f4ng v\u00e0 ch\u00ednh th\u1ee9c \u0111i v\u00e0o ho\u1ea1t \u0111\u1ed9ng ng\u00e0y 15\/4\/2006 v\u1edbi V\u0103n ph\u00f2ng C\u00f4ng [&hellip;]\" \/>\n<meta property=\"og:url\" content=\"http:\/\/biasaigonmiendong.vn\/?page_id=374\" \/>\n<meta property=\"og:site_name\" content=\"biasaigonmiendong.vn\" \/>\n<meta property=\"article:modified_time\" content=\"2025-07-10T02:38:41+00:00\" \/>\n<meta property=\"og:image\" content=\"http:\/\/biasaigonmiendong.vn\/wp-content\/uploads\/2023\/09\/logo-350x100-2.png\" \/>\n<meta name=\"twitter:card\" content=\"summary_large_image\" \/>\n<meta name=\"twitter:label1\" content=\"Est. reading time\">\n\t<meta name=\"twitter:data1\" content=\"1 ph\u00fat\">\n<script type=\"application\/ld+json\" class=\"yoast-schema-graph\">{\"@context\":\"https:\/\/schema.org\",\"@graph\":[{\"@type\":\"WebSite\",\"@id\":\"https:\/\/biasaigonmiendong.vn\/#website\",\"url\":\"https:\/\/biasaigonmiendong.vn\/\",\"name\":\"biasaigonmiendong.vn\",\"description\":\"\",\"potentialAction\":[{\"@type\":\"SearchAction\",\"target\":\"https:\/\/biasaigonmiendong.vn\/?s={search_term_string}\",\"query-input\":\"required name=search_term_string\"}],\"inLanguage\":\"vi\"},{\"@type\":\"ImageObject\",\"@id\":\"http:\/\/biasaigonmiendong.vn\/?page_id=374#primaryimage\",\"inLanguage\":\"vi\",\"url\":\"http:\/\/biasaigonmiendong.vn\/wp-content\/uploads\/2023\/09\/logo-350x100-2.png\"},{\"@type\":\"WebPage\",\"@id\":\"http:\/\/biasaigonmiendong.vn\/?page_id=374#webpage\",\"url\":\"http:\/\/biasaigonmiendong.vn\/?page_id=374\",\"name\":\"V\\u1ec1 ch\\u00fang t\\u00f4i - biasaigonmiendong.vn\",\"isPartOf\":{\"@id\":\"https:\/\/biasaigonmiendong.vn\/#website\"},\"primaryImageOfPage\":{\"@id\":\"http:\/\/biasaigonmiendong.vn\/?page_id=374#primaryimage\"},\"datePublished\":\"2021-02-20T02:46:57+00:00\",\"dateModified\":\"2025-07-10T02:38:41+00:00\",\"breadcrumb\":{\"@id\":\"http:\/\/biasaigonmiendong.vn\/?page_id=374#breadcrumb\"},\"inLanguage\":\"vi\",\"potentialAction\":[{\"@type\":\"ReadAction\",\"target\":[\"http:\/\/biasaigonmiendong.vn\/?page_id=374\"]}]},{\"@type\":\"BreadcrumbList\",\"@id\":\"http:\/\/biasaigonmiendong.vn\/?page_id=374#breadcrumb\",\"itemListElement\":[{\"@type\":\"ListItem\",\"position\":1,\"item\":{\"@type\":\"WebPage\",\"@id\":\"https:\/\/biasaigonmiendong.vn\/\",\"url\":\"https:\/\/biasaigonmiendong.vn\/\",\"name\":\"Trang ch\\u1ee7\"}},{\"@type\":\"ListItem\",\"position\":2,\"item\":{\"@type\":\"WebPage\",\"@id\":\"http:\/\/biasaigonmiendong.vn\/?page_id=374\",\"url\":\"http:\/\/biasaigonmiendong.vn\/?page_id=374\",\"name\":\"V\\u1ec1 ch\\u00fang t\\u00f4i\"}}]}]}<\/script>\n<!-- \/ Yoast SEO plugin. -->","_links":{"self":[{"href":"https:\/\/biasaigonmiendong.vn\/index.php?rest_route=\/wp\/v2\/pages\/374","targetHints":{"allow":["GET"]}}],"collection":[{"href":"https:\/\/biasaigonmiendong.vn\/index.php?rest_route=\/wp\/v2\/pages"}],"about":[{"href":"https:\/\/biasaigonmiendong.vn\/index.php?rest_route=\/wp\/v2\/types\/page"}],"author":[{"embeddable":true,"href":"https:\/\/biasaigonmiendong.vn\/index.php?rest_route=\/wp\/v2\/users\/1"}],"replies":[{"embeddable":true,"href":"https:\/\/biasaigonmiendong.vn\/index.php?rest_route=%2Fwp%2Fv2%2Fcomments&post=374"}],"version-history":[{"count":31,"href":"https:\/\/biasaigonmiendong.vn\/index.php?rest_route=\/wp\/v2\/pages\/374\/revisions"}],"predecessor-version":[{"id":1384,"href":"https:\/\/biasaigonmiendong.vn\/index.php?rest_route=\/wp\/v2\/pages\/374\/revisions\/1384"}],"wp:attachment":[{"href":"https:\/\/biasaigonmiendong.vn\/index.php?rest_route=%2Fwp%2Fv2%2Fmedia&parent=374"}],"curies":[{"name":"wp","href":"https:\/\/api.w.org\/{rel}","templated":true}]}}