{"id":1295,"date":"2022-09-16T03:12:34","date_gmt":"2022-09-16T03:12:34","guid":{"rendered":"http:\/\/biasaigonmiendong.vn\/?post_type=product&#038;p=1295"},"modified":"2025-07-10T02:44:29","modified_gmt":"2025-07-10T02:44:29","slug":"bia-lac-viet-cong-thuc-lac-viet","status":"publish","type":"product","link":"http:\/\/biasaigonmiendong.vn\/?product=bia-lac-viet-cong-thuc-lac-viet","title":{"rendered":"Bia L\u1ea1c Vi\u1ec7t"},"content":{"rendered":"<p><strong>\u201cBia L\u1ea1c Vi\u1ec7t &#8211; C\u00f4ng th\u1ee9c L\u1ea1c Vi\u1ec7t\u201d<\/strong><\/p>\n<p>C\u00f4ng th\u1ee9c Thu\u1ea7n Vi\u1ec7t \u1ea8n s\u00e2u trong th\u01b0 vi\u1ec7n c\u1ee7a nh\u00e0 m\u00e1y BiaSaigon Nguy\u1ec5n Ch\u00ed Thanh l\u00e0 m\u1ed9t kho t\u00e0ng ki\u1ebfn th\u1ee9c c\u0169ng nh\u01b0 nghi\u00ean c\u1ee9u v\u1ec1 bia c\u1ee7a nhi\u1ec1u th\u1ebf h\u1ec7 c\u00e1c b\u1eadc th\u1ea7y n\u1ea5u bia Vi\u1ec7t Nam xuy\u00ean su\u1ed1t b\u1ec1 d\u00e0y l\u1ecbch s\u1eed 145 n\u0103m qua.<\/p>\n<p>\u0110\u1ec3 k\u1ef7 ni\u1ec7m d\u1ea5u m\u1ed1c th\u1eddi gian \u0111\u1eb7c bi\u1ec7t n\u00e0y, c\u00e1c b\u1eadc th\u1ea7y n\u1ea5u bia t\u1ea1i SABECO \u0111\u00e3 quy\u1ebft \u0111\u1ecbnh s\u00e1ng t\u1ea1o ra m\u1ed9t c\u00f4ng th\u1ee9c tinh t\u00fay \u0111\u1ec3 \u0111\u1ea1i di\u1ec7n x\u1ee9ng \u0111\u00e1ng cho di s\u1ea3n c\u1ee7a th\u01b0\u01a1ng hi\u1ec7u. Ph\u00e1t ki\u1ebfn n\u00e0y \u0111\u00e3 cho m\u1ed9t k\u1ebft qu\u1ea3 m\u1ef9 m\u00e3n. M\u1ed9t h\u01b0\u01a1ng v\u1ecb bia \u0111\u1ea7y say m\u00ea, v\u1eabn \u0111\u1eadm \u0111\u00e0 nh\u01b0ng \u00eam m\u01b0\u1ee3t v\u00e0 s\u1ea3ng kho\u00e1i khi\u1ebfn cho nh\u1eefng kho\u1ea3nh kh\u1eafc t\u1eadn h\u01b0\u1edfng c\u00f9ng b\u1ea1n b\u00e8 tr\u1edf n\u00ean l\u00e2u h\u01a1n.<\/p>\n","protected":false},"excerpt":{"rendered":"<p><img loading=\"lazy\" decoding=\"async\" class=\"size-medium wp-image-1296 aligncenter\" src=\"http:\/\/biasaigonmiendong.vn\/wp-content\/uploads\/2023\/09\/banner_0408-800x299.jpg\" alt=\"\" width=\"800\" height=\"299\" srcset=\"http:\/\/biasaigonmiendong.vn\/wp-content\/uploads\/2023\/09\/banner_0408-800x299.jpg 800w, http:\/\/biasaigonmiendong.vn\/wp-content\/uploads\/2023\/09\/banner_0408-1400x522.jpg 1400w, http:\/\/biasaigonmiendong.vn\/wp-content\/uploads\/2023\/09\/banner_0408-768x287.jpg 768w, http:\/\/biasaigonmiendong.vn\/wp-content\/uploads\/2023\/09\/banner_0408-1536x573.jpg 1536w, http:\/\/biasaigonmiendong.vn\/wp-content\/uploads\/2023\/09\/banner_0408-600x224.jpg 600w, http:\/\/biasaigonmiendong.vn\/wp-content\/uploads\/2023\/09\/banner_0408.jpg 1600w\" sizes=\"auto, (max-width: 800px) 100vw, 800px\" \/><\/p>\n<p><strong>Ch\u1ee7ng lo\u1ea1i s\u1ea3n ph\u1ea9m:\u00a0<\/strong>Bia Lager<\/p>\n<p><strong>Th\u00e0nh ph\u1ea7n:<\/strong>\u00a0N\u01b0\u1edbc, Malt \u0111\u1ea1i m\u1ea1ch, Ng\u0169 c\u1ed1c, Hoa bia.<\/p>\n<p><strong>Bao b\u00ec:<\/strong>\u00a0\u0111\u00f3ng trong lon nh\u00f4m, 24 lon\/ th\u00f9ng carton ho\u1eb7c \u0111\u00f3ng trong chai th\u1ee7y tinh, 20 chai\/ k\u00e9t.<\/p>\n<p><strong>H\u01b0\u1edbng d\u1eabn s\u1eed d\u1ee5ng:<\/strong>\u00a0Ngon h\u01a1n khi u\u1ed1ng l\u1ea1nh, t\u1ed1t nh\u1ea5t \u1edf 10 \u2013 12 \u0111\u1ed9 C.<\/p>\n<p><strong>H\u01b0\u1edbng d\u1eabn b\u1ea3o qu\u1ea3n:<\/strong><\/p>\n<ul>\n<li>B\u1ea3o qu\u1ea3n n\u01a1i kh\u00f4 r\u00e1o v\u00e0 tho\u00e1ng m\u00e1t.<\/li>\n<li>Tr\u00e1nh ti\u1ebfp x\u00fac tr\u1ef1c ti\u1ebfp v\u1edbi ngu\u1ed3n n\u00f3ng ho\u1eb7c \u00e1nh s\u00e1ng m\u1eb7t tr\u1eddi.<\/li>\n<\/ul>\n<p><strong>Th\u1ecb tr\u01b0\u1eddng:\u00a0<\/strong>Bia L\u1ea1c Vi\u1ec7t ph\u00e2n b\u1ed1 r\u1ed9ng r\u00e3i tr\u00ean kh\u1eafp c\u1ea3 n\u01b0\u1edbc.<\/p>\n","protected":false},"featured_media":1387,"template":"","meta":[],"product_cat":[131],"product_tag":[],"class_list":{"0":"post-1295","1":"product","2":"type-product","3":"status-publish","4":"has-post-thumbnail","6":"product_cat-san-pham","8":"first","9":"instock","10":"shipping-taxable","11":"product-type-simple"},"yoast_head":"<!-- This site is optimized with the Yoast SEO plugin v15.8 - https:\/\/yoast.com\/wordpress\/plugins\/seo\/ -->\n<title>Bia L\u1ea1c Vi\u1ec7t - biasaigonmiendong.vn<\/title>\n<meta name=\"robots\" content=\"index, follow, max-snippet:-1, max-image-preview:large, max-video-preview:-1\" \/>\n<link rel=\"canonical\" href=\"https:\/\/biasaigonmiendong.vn\/?product=bia-lac-viet-cong-thuc-lac-viet\" \/>\n<meta property=\"og:locale\" content=\"vi_VN\" \/>\n<meta property=\"og:type\" content=\"article\" \/>\n<meta property=\"og:title\" content=\"Bia L\u1ea1c Vi\u1ec7t - biasaigonmiendong.vn\" \/>\n<meta property=\"og:description\" content=\"Ch\u1ee7ng lo\u1ea1i s\u1ea3n ph\u1ea9m:\u00a0Bia Lager  Th\u00e0nh ph\u1ea7n:\u00a0N\u01b0\u1edbc, Malt \u0111\u1ea1i m\u1ea1ch, Ng\u0169 c\u1ed1c, Hoa bia.  Bao b\u00ec:\u00a0\u0111\u00f3ng trong lon nh\u00f4m, 24 lon\/ th\u00f9ng carton ho\u1eb7c \u0111\u00f3ng trong chai th\u1ee7y tinh, 20 chai\/ k\u00e9t.  H\u01b0\u1edbng d\u1eabn s\u1eed d\u1ee5ng:\u00a0Ngon h\u01a1n khi u\u1ed1ng l\u1ea1nh, t\u1ed1t nh\u1ea5t \u1edf 10 \u2013 12 \u0111\u1ed9 C.  H\u01b0\u1edbng d\u1eabn b\u1ea3o qu\u1ea3n:   B\u1ea3o qu\u1ea3n n\u01a1i kh\u00f4 r\u00e1o v\u00e0 tho\u00e1ng m\u00e1t.  Tr\u00e1nh ti\u1ebfp x\u00fac tr\u1ef1c ti\u1ebfp v\u1edbi ngu\u1ed3n n\u00f3ng ho\u1eb7c \u00e1nh s\u00e1ng m\u1eb7t tr\u1eddi.  Th\u1ecb tr\u01b0\u1eddng:\u00a0Bia L\u1ea1c Vi\u1ec7t ph\u00e2n b\u1ed1 r\u1ed9ng r\u00e3i tr\u00ean kh\u1eafp c\u1ea3 n\u01b0\u1edbc.\" \/>\n<meta property=\"og:url\" content=\"https:\/\/biasaigonmiendong.vn\/?product=bia-lac-viet-cong-thuc-lac-viet\" \/>\n<meta property=\"og:site_name\" content=\"biasaigonmiendong.vn\" \/>\n<meta property=\"article:modified_time\" content=\"2025-07-10T02:44:29+00:00\" \/>\n<meta property=\"og:image\" content=\"http:\/\/biasaigonmiendong.vn\/wp-content\/uploads\/2022\/09\/Can-02-18-non-water-scaled.png\" \/>\n\t<meta property=\"og:image:width\" content=\"1440\" \/>\n\t<meta property=\"og:image:height\" content=\"2560\" \/>\n<meta name=\"twitter:card\" content=\"summary_large_image\" \/>\n<meta name=\"twitter:label1\" content=\"Est. reading time\">\n\t<meta name=\"twitter:data1\" content=\"1 ph\u00fat\">\n<script type=\"application\/ld+json\" class=\"yoast-schema-graph\">{\"@context\":\"https:\/\/schema.org\",\"@graph\":[{\"@type\":\"WebSite\",\"@id\":\"http:\/\/biasaigonmiendong.vn\/#website\",\"url\":\"http:\/\/biasaigonmiendong.vn\/\",\"name\":\"biasaigonmiendong.vn\",\"description\":\"\",\"potentialAction\":[{\"@type\":\"SearchAction\",\"target\":\"http:\/\/biasaigonmiendong.vn\/?s={search_term_string}\",\"query-input\":\"required name=search_term_string\"}],\"inLanguage\":\"vi\"},{\"@type\":\"ImageObject\",\"@id\":\"https:\/\/biasaigonmiendong.vn\/?product=bia-lac-viet-cong-thuc-lac-viet#primaryimage\",\"inLanguage\":\"vi\",\"url\":\"http:\/\/biasaigonmiendong.vn\/wp-content\/uploads\/2022\/09\/Can-02-18-non-water-scaled.png\",\"width\":1440,\"height\":2560},{\"@type\":\"WebPage\",\"@id\":\"https:\/\/biasaigonmiendong.vn\/?product=bia-lac-viet-cong-thuc-lac-viet#webpage\",\"url\":\"https:\/\/biasaigonmiendong.vn\/?product=bia-lac-viet-cong-thuc-lac-viet\",\"name\":\"Bia L\\u1ea1c Vi\\u1ec7t - biasaigonmiendong.vn\",\"isPartOf\":{\"@id\":\"http:\/\/biasaigonmiendong.vn\/#website\"},\"primaryImageOfPage\":{\"@id\":\"https:\/\/biasaigonmiendong.vn\/?product=bia-lac-viet-cong-thuc-lac-viet#primaryimage\"},\"datePublished\":\"2022-09-16T03:12:34+00:00\",\"dateModified\":\"2025-07-10T02:44:29+00:00\",\"breadcrumb\":{\"@id\":\"https:\/\/biasaigonmiendong.vn\/?product=bia-lac-viet-cong-thuc-lac-viet#breadcrumb\"},\"inLanguage\":\"vi\",\"potentialAction\":[{\"@type\":\"ReadAction\",\"target\":[\"https:\/\/biasaigonmiendong.vn\/?product=bia-lac-viet-cong-thuc-lac-viet\"]}]},{\"@type\":\"BreadcrumbList\",\"@id\":\"https:\/\/biasaigonmiendong.vn\/?product=bia-lac-viet-cong-thuc-lac-viet#breadcrumb\",\"itemListElement\":[{\"@type\":\"ListItem\",\"position\":1,\"item\":{\"@type\":\"WebPage\",\"@id\":\"http:\/\/biasaigonmiendong.vn\/\",\"url\":\"http:\/\/biasaigonmiendong.vn\/\",\"name\":\"Trang ch\\u1ee7\"}},{\"@type\":\"ListItem\",\"position\":2,\"item\":{\"@type\":\"WebPage\",\"@id\":\"https:\/\/biasaigonmiendong.vn\/?page_id=10\",\"url\":\"https:\/\/biasaigonmiendong.vn\/?page_id=10\",\"name\":\"Shop\"}},{\"@type\":\"ListItem\",\"position\":3,\"item\":{\"@type\":\"WebPage\",\"@id\":\"https:\/\/biasaigonmiendong.vn\/?product=bia-lac-viet-cong-thuc-lac-viet\",\"url\":\"https:\/\/biasaigonmiendong.vn\/?product=bia-lac-viet-cong-thuc-lac-viet\",\"name\":\"Bia L\\u1ea1c Vi\\u1ec7t\"}}]}]}<\/script>\n<!-- \/ Yoast SEO plugin. -->","_links":{"self":[{"href":"http:\/\/biasaigonmiendong.vn\/index.php?rest_route=\/wp\/v2\/product\/1295","targetHints":{"allow":["GET"]}}],"collection":[{"href":"http:\/\/biasaigonmiendong.vn\/index.php?rest_route=\/wp\/v2\/product"}],"about":[{"href":"http:\/\/biasaigonmiendong.vn\/index.php?rest_route=\/wp\/v2\/types\/product"}],"wp:featuredmedia":[{"embeddable":true,"href":"http:\/\/biasaigonmiendong.vn\/index.php?rest_route=\/wp\/v2\/media\/1387"}],"wp:attachment":[{"href":"http:\/\/biasaigonmiendong.vn\/index.php?rest_route=%2Fwp%2Fv2%2Fmedia&parent=1295"}],"wp:term":[{"taxonomy":"product_cat","embeddable":true,"href":"http:\/\/biasaigonmiendong.vn\/index.php?rest_route=%2Fwp%2Fv2%2Fproduct_cat&post=1295"},{"taxonomy":"product_tag","embeddable":true,"href":"http:\/\/biasaigonmiendong.vn\/index.php?rest_route=%2Fwp%2Fv2%2Fproduct_tag&post=1295"}],"curies":[{"name":"wp","href":"https:\/\/api.w.org\/{rel}","templated":true}]}}