{"id":1080,"date":"2023-09-15T02:42:18","date_gmt":"2023-09-15T02:42:18","guid":{"rendered":"https:\/\/biasaigonmiendong.vn\/wp\/?post_type=product&#038;p=1080"},"modified":"2023-09-16T03:21:14","modified_gmt":"2023-09-16T03:21:14","slug":"bia-saigon-gold-2","status":"publish","type":"product","link":"http:\/\/biasaigonmiendong.vn\/?product=bia-saigon-gold-2","title":{"rendered":"Bia SaiGon Gold"},"content":{"rendered":"<div style=\"text-align: center;\"><strong>&#8220;Bia Saigon Gold&#8221;<\/strong><\/div>\n<div style=\"text-align: center;\">\n<div style=\"width: 1020px;\" class=\"wp-video\"><video class=\"wp-video-shortcode\" id=\"video-1080-1\" width=\"1020\" height=\"574\" preload=\"metadata\" controls=\"controls\"><source type=\"video\/mp4\" src=\"http:\/\/biasaigonmiendong.vn\/wp-content\/uploads\/2023\/09\/animatedkv_bsggold.mp4?_=1\" \/><a href=\"http:\/\/biasaigonmiendong.vn\/wp-content\/uploads\/2023\/09\/animatedkv_bsggold.mp4\">http:\/\/biasaigonmiendong.vn\/wp-content\/uploads\/2023\/09\/animatedkv_bsggold.mp4<\/a><\/video><\/div>\n<p><strong><img loading=\"lazy\" decoding=\"async\" class=\"alignnone wp-image-1016 size-full\" src=\"http:\/\/biasaigonmiendong.vn\/wp-content\/uploads\/2023\/09\/gold_1000x488-1.jpg\" alt=\"\" width=\"1000\" height=\"488\" srcset=\"http:\/\/biasaigonmiendong.vn\/wp-content\/uploads\/2023\/09\/gold_1000x488-1.jpg 1000w, http:\/\/biasaigonmiendong.vn\/wp-content\/uploads\/2023\/09\/gold_1000x488-1-800x390.jpg 800w, http:\/\/biasaigonmiendong.vn\/wp-content\/uploads\/2023\/09\/gold_1000x488-1-768x375.jpg 768w, http:\/\/biasaigonmiendong.vn\/wp-content\/uploads\/2023\/09\/gold_1000x488-1-600x293.jpg 600w\" sizes=\"auto, (max-width: 1000px) 100vw, 1000px\" \/><\/strong><\/p>\n<\/div>\n<p>Bia Saigon Gold l\u00e0 s\u1ea3n ph\u1ea9m cao c\u1ea5p v\u00e0 tinh t\u00fay nh\u1ea5t c\u1ee7a Bia S\u00e0i G\u00f2n, \u0111\u01b0\u1ee3c t\u1ea1o ra b\u1edfi nh\u1eefng chuy\u00ean gia c\u00f4ng ngh\u1ec7 h\u00e0ng \u0111\u1ea7u th\u1ebf gi\u1edbi, c\u00f9ng v\u1edbi quy tr\u00ecnh s\u1ea3n xu\u1ea5t mang \u0111\u1eadm n\u00e9t truy\u1ec1n th\u1ed1ng b\u1edfi nh\u1eefng b\u1eadc th\u1ea7y n\u1ea5u bia v\u1edbi h\u01a1n 142 n\u0103m kinh nghi\u1ec7m c\u1ee7a Bia S\u00e0i G\u00f2n.<\/p>\n<p>Saigon Gold c\u00f3 s\u1ef1 \u0111\u1eadm \u0111\u00e0 v\u00e0 h\u01b0\u01a1ng bia th\u01a1m n\u1ed3ng, t\u01b0\u01a1i m\u1edbi c\u1ee7a c\u00e1c ch\u1ee7ng hoa bia \u0111\u1eb7c bi\u1ec7t, t\u1ea1o n\u00ean h\u01b0\u01a1ng v\u1ecb \u0111\u1eb7c tr\u01b0ng, \u0111\u1ed9c \u0111\u00e1o. Ngo\u00e0i nguy\u00ean li\u1ec7u \u0111\u01b0\u1ee3c ch\u1eaft l\u1ecdc k\u1ef9 c\u00e0ng, y\u1ebfu t\u1ed1 l\u00e0m n\u00ean h\u01b0\u01a1ng v\u1ecb tinh t\u1ebf c\u1ee7a bia Saigon Gold l\u00e0 ch\u1ee7ng men bia thu\u1ea7n khi\u1ebft \u0111\u01b0\u1ee3c l\u01b0u gi\u1eef nghi\u00eam ng\u1eb7t mang n\u00e9t \u0111\u1eb7c tr\u01b0ng ri\u00eang bi\u1ec7t<\/p>\n","protected":false},"excerpt":{"rendered":"<p><strong>Ch\u1ee7ng lo\u1ea1i s\u1ea3n ph\u1ea9m:\u00a0<\/strong>Bia Lager.<\/p>\n<p><strong>Th\u00e0nh ph\u1ea7n:\u00a0<\/strong>N\u01b0\u1edbc, malt \u0111\u1ea1i m\u1ea1ch, hoa bia.<\/p>\n<p><strong>Bao b\u00ec:<\/strong><\/p>\n<ul>\n<li>\u0110\u00f3ng trong lon nh\u00f4m, 18 lon\/th\u00f9ng carton<\/li>\n<\/ul>\n<p><strong>H\u01b0\u1edbng d\u1eabn s\u1eed d\u1ee5ng:<\/strong>\u00a0Ngon h\u01a1n khi u\u1ed1ng l\u1ea1nh, t\u1ed1t nh\u1ea5t \u1edf 10 \u2013 15 \u0111\u1ed9 C.<\/p>\n<p><strong>H\u01b0\u1edbng d\u1eabn b\u1ea3o qu\u1ea3n:<\/strong><\/p>\n<ul>\n<li>B\u1ea3o qu\u1ea3n n\u01a1i kh\u00f4 r\u00e1o v\u00e0 tho\u00e1ng m\u00e1t.<\/li>\n<li>Tr\u00e1nh ti\u1ebfp x\u00fac tr\u1ef1c ti\u1ebfp v\u1edbi ngu\u1ed3n n\u00f3ng ho\u1eb7c \u00e1nh s\u00e1ng m\u1eb7t tr\u1eddi.<\/li>\n<\/ul>\n<p><strong>Th\u1ecb tr\u01b0\u1eddng:<\/strong>\u00a0Bia Saigon Gold \u0111\u01b0\u1ee3c ph\u00e2n ph\u1ed1i to\u00e0n qu\u1ed1c v\u1edbi s\u1ed1 l\u01b0\u1ee3ng c\u00f3 h\u1ea1n.<\/p>\n","protected":false},"featured_media":1301,"template":"","meta":[],"product_cat":[131,120],"product_tag":[],"class_list":{"0":"post-1080","1":"product","2":"type-product","3":"status-publish","4":"has-post-thumbnail","6":"product_cat-san-pham","7":"product_cat-bia-sai-gon-gold","9":"first","10":"instock","11":"shipping-taxable","12":"product-type-simple"},"yoast_head":"<!-- This site is optimized with the Yoast SEO plugin v15.8 - https:\/\/yoast.com\/wordpress\/plugins\/seo\/ -->\n<title>Bia SaiGon Gold - biasaigonmiendong.vn<\/title>\n<meta name=\"robots\" content=\"index, follow, max-snippet:-1, max-image-preview:large, max-video-preview:-1\" \/>\n<link rel=\"canonical\" href=\"http:\/\/biasaigonmiendong.vn\/?product=bia-saigon-gold-2\" \/>\n<meta property=\"og:locale\" content=\"vi_VN\" \/>\n<meta property=\"og:type\" content=\"article\" \/>\n<meta property=\"og:title\" content=\"Bia SaiGon Gold - biasaigonmiendong.vn\" \/>\n<meta property=\"og:description\" content=\"Ch\u1ee7ng lo\u1ea1i s\u1ea3n ph\u1ea9m:\u00a0Bia Lager.  Th\u00e0nh ph\u1ea7n:\u00a0N\u01b0\u1edbc, malt \u0111\u1ea1i m\u1ea1ch, hoa bia.  Bao b\u00ec:   \u0110\u00f3ng trong lon nh\u00f4m, 18 lon\/th\u00f9ng carton  H\u01b0\u1edbng d\u1eabn s\u1eed d\u1ee5ng:\u00a0Ngon h\u01a1n khi u\u1ed1ng l\u1ea1nh, t\u1ed1t nh\u1ea5t \u1edf 10 \u2013 15 \u0111\u1ed9 C.  H\u01b0\u1edbng d\u1eabn b\u1ea3o qu\u1ea3n:   B\u1ea3o qu\u1ea3n n\u01a1i kh\u00f4 r\u00e1o v\u00e0 tho\u00e1ng m\u00e1t.  Tr\u00e1nh ti\u1ebfp x\u00fac tr\u1ef1c ti\u1ebfp v\u1edbi ngu\u1ed3n n\u00f3ng ho\u1eb7c \u00e1nh s\u00e1ng m\u1eb7t tr\u1eddi.  Th\u1ecb tr\u01b0\u1eddng:\u00a0Bia Saigon Gold \u0111\u01b0\u1ee3c ph\u00e2n ph\u1ed1i to\u00e0n qu\u1ed1c v\u1edbi s\u1ed1 l\u01b0\u1ee3ng c\u00f3 h\u1ea1n.\" \/>\n<meta property=\"og:url\" content=\"http:\/\/biasaigonmiendong.vn\/?product=bia-saigon-gold-2\" \/>\n<meta property=\"og:site_name\" content=\"biasaigonmiendong.vn\" \/>\n<meta property=\"article:modified_time\" content=\"2023-09-16T03:21:14+00:00\" \/>\n<meta property=\"og:image\" content=\"http:\/\/biasaigonmiendong.vn\/wp-content\/uploads\/2023\/09\/img_gold_thumnail.png\" \/>\n\t<meta property=\"og:image:width\" content=\"200\" \/>\n\t<meta property=\"og:image:height\" content=\"200\" \/>\n<meta name=\"twitter:card\" content=\"summary_large_image\" \/>\n<meta name=\"twitter:label1\" content=\"Est. reading time\">\n\t<meta name=\"twitter:data1\" content=\"1 ph\u00fat\">\n<script type=\"application\/ld+json\" class=\"yoast-schema-graph\">{\"@context\":\"https:\/\/schema.org\",\"@graph\":[{\"@type\":\"WebSite\",\"@id\":\"https:\/\/biasaigonmiendong.vn\/#website\",\"url\":\"https:\/\/biasaigonmiendong.vn\/\",\"name\":\"biasaigonmiendong.vn\",\"description\":\"\",\"potentialAction\":[{\"@type\":\"SearchAction\",\"target\":\"https:\/\/biasaigonmiendong.vn\/?s={search_term_string}\",\"query-input\":\"required name=search_term_string\"}],\"inLanguage\":\"vi\"},{\"@type\":\"ImageObject\",\"@id\":\"http:\/\/biasaigonmiendong.vn\/?product=bia-saigon-gold-2#primaryimage\",\"inLanguage\":\"vi\",\"url\":\"http:\/\/biasaigonmiendong.vn\/wp-content\/uploads\/2023\/09\/img_gold_thumnail.png\",\"width\":200,\"height\":200},{\"@type\":\"WebPage\",\"@id\":\"http:\/\/biasaigonmiendong.vn\/?product=bia-saigon-gold-2#webpage\",\"url\":\"http:\/\/biasaigonmiendong.vn\/?product=bia-saigon-gold-2\",\"name\":\"Bia SaiGon Gold - biasaigonmiendong.vn\",\"isPartOf\":{\"@id\":\"https:\/\/biasaigonmiendong.vn\/#website\"},\"primaryImageOfPage\":{\"@id\":\"http:\/\/biasaigonmiendong.vn\/?product=bia-saigon-gold-2#primaryimage\"},\"datePublished\":\"2023-09-15T02:42:18+00:00\",\"dateModified\":\"2023-09-16T03:21:14+00:00\",\"breadcrumb\":{\"@id\":\"http:\/\/biasaigonmiendong.vn\/?product=bia-saigon-gold-2#breadcrumb\"},\"inLanguage\":\"vi\",\"potentialAction\":[{\"@type\":\"ReadAction\",\"target\":[\"http:\/\/biasaigonmiendong.vn\/?product=bia-saigon-gold-2\"]}]},{\"@type\":\"BreadcrumbList\",\"@id\":\"http:\/\/biasaigonmiendong.vn\/?product=bia-saigon-gold-2#breadcrumb\",\"itemListElement\":[{\"@type\":\"ListItem\",\"position\":1,\"item\":{\"@type\":\"WebPage\",\"@id\":\"https:\/\/biasaigonmiendong.vn\/\",\"url\":\"https:\/\/biasaigonmiendong.vn\/\",\"name\":\"Trang ch\\u1ee7\"}},{\"@type\":\"ListItem\",\"position\":2,\"item\":{\"@type\":\"WebPage\",\"@id\":\"https:\/\/biasaigonmiendong.vn\/?page_id=10\",\"url\":\"https:\/\/biasaigonmiendong.vn\/?page_id=10\",\"name\":\"Shop\"}},{\"@type\":\"ListItem\",\"position\":3,\"item\":{\"@type\":\"WebPage\",\"@id\":\"http:\/\/biasaigonmiendong.vn\/?product=bia-saigon-gold-2\",\"url\":\"http:\/\/biasaigonmiendong.vn\/?product=bia-saigon-gold-2\",\"name\":\"Bia SaiGon Gold\"}}]}]}<\/script>\n<!-- \/ Yoast SEO plugin. -->","_links":{"self":[{"href":"http:\/\/biasaigonmiendong.vn\/index.php?rest_route=\/wp\/v2\/product\/1080","targetHints":{"allow":["GET"]}}],"collection":[{"href":"http:\/\/biasaigonmiendong.vn\/index.php?rest_route=\/wp\/v2\/product"}],"about":[{"href":"http:\/\/biasaigonmiendong.vn\/index.php?rest_route=\/wp\/v2\/types\/product"}],"wp:featuredmedia":[{"embeddable":true,"href":"http:\/\/biasaigonmiendong.vn\/index.php?rest_route=\/wp\/v2\/media\/1301"}],"wp:attachment":[{"href":"http:\/\/biasaigonmiendong.vn\/index.php?rest_route=%2Fwp%2Fv2%2Fmedia&parent=1080"}],"wp:term":[{"taxonomy":"product_cat","embeddable":true,"href":"http:\/\/biasaigonmiendong.vn\/index.php?rest_route=%2Fwp%2Fv2%2Fproduct_cat&post=1080"},{"taxonomy":"product_tag","embeddable":true,"href":"http:\/\/biasaigonmiendong.vn\/index.php?rest_route=%2Fwp%2Fv2%2Fproduct_tag&post=1080"}],"curies":[{"name":"wp","href":"https:\/\/api.w.org\/{rel}","templated":true}]}}